{"id":2142,"date":"2025-05-17T01:57:17","date_gmt":"2025-05-16T23:57:17","guid":{"rendered":"https:\/\/eyebrow-institution.com\/?post_type=product&#038;p=2142"},"modified":"2025-05-26T19:44:49","modified_gmt":"2025-05-26T17:44:49","slug":"cashmere-m-brows-essentials-course","status":"publish","type":"product","link":"https:\/\/eyebrow-institution.com\/sr\/proizvod\/cashmere-m-brows-essentials-course\/","title":{"rendered":"Cashmere M Brows \u2013 Osnovni kurs"},"content":{"rendered":"<h3 class=\"\" data-start=\"1061\" data-end=\"1085\"><strong data-start=\"1068\" data-end=\"1084\">\u0160ta dobijate<\/strong>:<\/h3>\n<ul data-start=\"1086\" data-end=\"1273\">\n<li style=\"list-style-type: none;\">\n<ul data-start=\"1086\" data-end=\"1273\">\n<li class=\"\" data-start=\"1086\" data-end=\"1115\">\n<p class=\"\" data-start=\"1088\" data-end=\"1115\">PDF <strong data-start=\"1092\" data-end=\"1113\">Majstorsku obuku vodi\u010d<\/strong><\/p>\n<\/li>\n<li class=\"\" data-start=\"1116\" data-end=\"1169\">\n<p class=\"\" data-start=\"1118\" data-end=\"1169\">Korak po korak <strong data-start=\"1131\" data-end=\"1148\">Video lekcije<\/strong> za Cashmere M Brows tehniku<\/p>\n<\/li>\n<li data-start=\"1116\" data-end=\"1169\">Cashmere <img decoding=\"async\" class=\"alignnone size-thumbnail wp-image-2296 lazyload\" data-src=\"https:\/\/eyebrow-institution.com\/wp-content\/uploads\/2025\/05\/5930f5e2-9ef2-436b-bf6a-d39f126f8e30-150x150.png\" alt=\"\" width=\"50\" height=\"50\" data-srcset=\"https:\/\/eyebrow-institution.com\/wp-content\/uploads\/2025\/05\/5930f5e2-9ef2-436b-bf6a-d39f126f8e30-150x150.png 150w, https:\/\/eyebrow-institution.com\/wp-content\/uploads\/2025\/05\/5930f5e2-9ef2-436b-bf6a-d39f126f8e30-300x300.png 300w, https:\/\/eyebrow-institution.com\/wp-content\/uploads\/2025\/05\/5930f5e2-9ef2-436b-bf6a-d39f126f8e30-768x768.png 768w, https:\/\/eyebrow-institution.com\/wp-content\/uploads\/2025\/05\/5930f5e2-9ef2-436b-bf6a-d39f126f8e30-12x12.png 12w, https:\/\/eyebrow-institution.com\/wp-content\/uploads\/2025\/05\/5930f5e2-9ef2-436b-bf6a-d39f126f8e30.png 1024w\" data-sizes=\"(max-width: 50px) 100vw, 50px\" src=\"data:image\/svg+xml;base64,PHN2ZyB3aWR0aD0iMSIgaGVpZ2h0PSIxIiB4bWxucz0iaHR0cDovL3d3dy53My5vcmcvMjAwMC9zdmciPjwvc3ZnPg==\" style=\"--smush-placeholder-width: 50px; --smush-placeholder-aspect-ratio: 50\/50;\" \/> Brows \u2013 Osnovni kurs <strong>radna sveska<\/strong><\/li>\n<\/ul>\n<\/li>\n<\/ul>\n<ul data-start=\"1086\" data-end=\"1273\">\n<li class=\"\" data-start=\"1170\" data-end=\"1223\">\n<p class=\"\" data-start=\"1172\" data-end=\"1223\">Pristup povratnim informacijama instruktora i podr\u0161ci zajednice<\/p>\n<\/li>\n<\/ul>\n<p>&nbsp;<\/p>\n<h3 class=\"\" data-start=\"1280\" data-end=\"1304\"><strong data-start=\"1287\" data-end=\"1303\">Kako funkcioni\u0161e<\/strong>:<\/h3>\n<ol data-start=\"1305\" data-end=\"1772\">\n<li class=\"\" data-start=\"1305\" data-end=\"1362\">\n<p class=\"\" data-start=\"1308\" data-end=\"1362\"><strong data-start=\"1308\" data-end=\"1329\">Uplatite<\/strong> bezbedno putem platforme.<\/p>\n<\/li>\n<li class=\"\" data-start=\"1363\" data-end=\"1544\">\n<p class=\"\" data-start=\"1366\" data-end=\"1442\">Nakon administratorske potvrde i procene, dobic\u0301ete <strong data-start=\"1425\" data-end=\"1434\">email<\/strong> sa:<\/p>\n<ul data-start=\"1446\" data-end=\"1544\">\n<li class=\"\" data-start=\"1446\" data-end=\"1479\">\n<p class=\"\" data-start=\"1448\" data-end=\"1479\">The <strong data-start=\"1452\" data-end=\"1477\">Majstorska obuka vodi\u010d<\/strong><\/p>\n<\/li>\n<li class=\"\" data-start=\"1446\" data-end=\"1479\">\n<p class=\"\" data-start=\"1448\" data-end=\"1479\">Cashmere <img decoding=\"async\" class=\"alignnone size-thumbnail wp-image-2296 lazyload\" data-src=\"https:\/\/eyebrow-institution.com\/wp-content\/uploads\/2025\/05\/5930f5e2-9ef2-436b-bf6a-d39f126f8e30-150x150.png\" alt=\"\" width=\"50\" height=\"50\" data-srcset=\"https:\/\/eyebrow-institution.com\/wp-content\/uploads\/2025\/05\/5930f5e2-9ef2-436b-bf6a-d39f126f8e30-150x150.png 150w, https:\/\/eyebrow-institution.com\/wp-content\/uploads\/2025\/05\/5930f5e2-9ef2-436b-bf6a-d39f126f8e30-300x300.png 300w, https:\/\/eyebrow-institution.com\/wp-content\/uploads\/2025\/05\/5930f5e2-9ef2-436b-bf6a-d39f126f8e30-768x768.png 768w, https:\/\/eyebrow-institution.com\/wp-content\/uploads\/2025\/05\/5930f5e2-9ef2-436b-bf6a-d39f126f8e30-12x12.png 12w, https:\/\/eyebrow-institution.com\/wp-content\/uploads\/2025\/05\/5930f5e2-9ef2-436b-bf6a-d39f126f8e30.png 1024w\" data-sizes=\"(max-width: 50px) 100vw, 50px\" src=\"data:image\/svg+xml;base64,PHN2ZyB3aWR0aD0iMSIgaGVpZ2h0PSIxIiB4bWxucz0iaHR0cDovL3d3dy53My5vcmcvMjAwMC9zdmciPjwvc3ZnPg==\" style=\"--smush-placeholder-width: 50px; --smush-placeholder-aspect-ratio: 50\/50;\" \/> Brows \u2013 Osnovni kurs <strong>radna sveska<\/strong><\/p>\n<\/li>\n<li class=\"\" data-start=\"1483\" data-end=\"1544\">\n<p class=\"\" data-start=\"1485\" data-end=\"1544\">Instrukcije i linkove do va\u0161ih <strong data-start=\"1516\" data-end=\"1542\">video trening modula<\/strong><\/p>\n<\/li>\n<\/ul>\n<\/li>\n<li class=\"\" data-start=\"1545\" data-end=\"1636\">\n<p class=\"\" data-start=\"1548\" data-end=\"1636\">Kada zavr\u0161ite kurs, stupite u kontakt sa Majom Ljaji\u0107 radi dobijanja sertifikata.<\/p>\n<\/li>\n<li class=\"\" data-start=\"1637\" data-end=\"1772\">\n<p class=\"\" data-start=\"1640\" data-end=\"1772\">Nakon uspe\u0161ne evaluacije, dobic\u0301ete svoj <strong data-start=\"1688\" data-end=\"1712\">zvani\u010dni sertifikat<\/strong> zavr\u0161etka \u2014 potpisano i overeno od strane Eyebrow Institution.<\/p>\n<\/li>\n<\/ol>\n<p>&nbsp;<\/p>\n<h3 class=\"\" data-start=\"1779\" data-end=\"1896\">Napravite prvi korak ka tome da postanete sertifikovani PMU umetnik sa jednim od najpouzdanijih imena u industriji.<\/h3>\n<p class=\"\" data-start=\"1898\" data-end=\"1967\">Va\u0161a avantura po\u010dinje <strong data-start=\"1918\" data-end=\"1925\">sada<\/strong>.<br data-start=\"1926\" data-end=\"1929\" \/><strong data-start=\"1929\" data-end=\"1967\">Prijavite se danas \u2014 transformi\u0161ite se sutra.<\/strong><\/p>","protected":false},"excerpt":{"rendered":"<h3>Cashmere <img decoding=\"async\" class=\"alignnone size-thumbnail wp-image-2296 lazyload\" data-src=\"https:\/\/eyebrow-institution.com\/wp-content\/uploads\/2025\/05\/5930f5e2-9ef2-436b-bf6a-d39f126f8e30-150x150.png\" alt=\"\" width=\"100\" height=\"100\" data-srcset=\"https:\/\/eyebrow-institution.com\/wp-content\/uploads\/2025\/05\/5930f5e2-9ef2-436b-bf6a-d39f126f8e30-150x150.png 150w, https:\/\/eyebrow-institution.com\/wp-content\/uploads\/2025\/05\/5930f5e2-9ef2-436b-bf6a-d39f126f8e30-300x300.png 300w, https:\/\/eyebrow-institution.com\/wp-content\/uploads\/2025\/05\/5930f5e2-9ef2-436b-bf6a-d39f126f8e30-768x768.png 768w, https:\/\/eyebrow-institution.com\/wp-content\/uploads\/2025\/05\/5930f5e2-9ef2-436b-bf6a-d39f126f8e30-12x12.png 12w, https:\/\/eyebrow-institution.com\/wp-content\/uploads\/2025\/05\/5930f5e2-9ef2-436b-bf6a-d39f126f8e30.png 1024w\" data-sizes=\"(max-width: 100px) 100vw, 100px\" src=\"data:image\/svg+xml;base64,PHN2ZyB3aWR0aD0iMSIgaGVpZ2h0PSIxIiB4bWxucz0iaHR0cDovL3d3dy53My5vcmcvMjAwMC9zdmciPjwvc3ZnPg==\" style=\"--smush-placeholder-width: 100px; --smush-placeholder-aspect-ratio: 100\/100;\" \/> Brows \u2013 Osnovni kurs<\/h3>\n<h4>autorke Maje Ljajic\u0301 \u2013 osniva\u010da Eyebrow Institution<\/h4>\n<p>Zapo\u010dni svoju karijeru u svetu permanentne \u0161minke uz Cashmere M Brows Masterclass \u2013 edukaciju namenjenu po\u010detnicima koji \u017eele da savladaju osnove ove elegantne i moderne tehnike.<\/p>\n<p>Kurs vodi Maja Ljaji\u0107, osniva\u010d Eyebrow Institution akademije i internacionalno priznati PMU edukator, koja te vodi korak po korak kroz sve \u0161to ti je potrebno da zapo\u010dne\u0161 samostalni rad u beauty industriji.<\/p>\n<h4>\u0160ta \u0107e\u0161 nau\u010diti:<\/h4>\n<p>Osnovne principe i teoriju Cashmere M Brows tehnike<\/p>\n<p>Rad sa ma\u0161inom: pode\u0161avanja, igle, pigmenti<\/p>\n<p>Pravilno mapiranje obrva i priprema klijenta<\/p>\n<p>Osnovna znanja o tipu ko\u017ee i kako prilagoditi tretman<\/p>\n<p>Higijenski protokol i bezbedan rad<\/p>\n<h4>Za koga je ovaj kurs?<\/h4>\n<ul>\n<li>Za sve koji nemaju prethodno iskustvo u permanent make-up-u<\/li>\n<li>Po\u010detnike koji \u017eele da nau\u010de tehniku obrva na savremen na\u010din<\/li>\n<li>One koji su ve\u0107 u industriji i koji rade na drugim tehnikama<\/li>\n<li>Budu\u0107e PMU profesionalce koji \u017eele kvalitetnu osnovu<\/li>\n<\/ul>","protected":false},"featured_media":2143,"template":"","meta":[],"product_brand":[],"product_cat":[60],"product_tag":[],"class_list":{"0":"post-2142","1":"product","2":"type-product","3":"status-publish","4":"has-post-thumbnail","6":"product_cat-course","9":"instock","10":"sale","11":"sold-individually","12":"shipping-taxable","13":"purchasable","14":"product-type-simple","15":"product-grid-view"},"_links":{"self":[{"href":"https:\/\/eyebrow-institution.com\/sr\/wp-json\/wp\/v2\/product\/2142","targetHints":{"allow":["GET"]}}],"collection":[{"href":"https:\/\/eyebrow-institution.com\/sr\/wp-json\/wp\/v2\/product"}],"about":[{"href":"https:\/\/eyebrow-institution.com\/sr\/wp-json\/wp\/v2\/types\/product"}],"version-history":[{"count":15,"href":"https:\/\/eyebrow-institution.com\/sr\/wp-json\/wp\/v2\/product\/2142\/revisions"}],"predecessor-version":[{"id":2313,"href":"https:\/\/eyebrow-institution.com\/sr\/wp-json\/wp\/v2\/product\/2142\/revisions\/2313"}],"wp:featuredmedia":[{"embeddable":true,"href":"https:\/\/eyebrow-institution.com\/sr\/wp-json\/wp\/v2\/media\/2143"}],"wp:attachment":[{"href":"https:\/\/eyebrow-institution.com\/sr\/wp-json\/wp\/v2\/media?parent=2142"}],"wp:term":[{"taxonomy":"product_brand","embeddable":true,"href":"https:\/\/eyebrow-institution.com\/sr\/wp-json\/wp\/v2\/product_brand?post=2142"},{"taxonomy":"product_cat","embeddable":true,"href":"https:\/\/eyebrow-institution.com\/sr\/wp-json\/wp\/v2\/product_cat?post=2142"},{"taxonomy":"product_tag","embeddable":true,"href":"https:\/\/eyebrow-institution.com\/sr\/wp-json\/wp\/v2\/product_tag?post=2142"}],"curies":[{"name":"wp","href":"https:\/\/api.w.org\/{rel}","templated":true}]}}