{"id":3,"date":"2022-09-03T07:51:40","date_gmt":"2022-09-03T07:51:40","guid":{"rendered":"https:\/\/eyebrow-institution.com\/?page_id=3"},"modified":"2025-05-19T02:47:28","modified_gmt":"2025-05-19T00:47:28","slug":"privacy-policy","status":"publish","type":"page","link":"https:\/\/eyebrow-institution.com\/sr\/privacy-policy\/","title":{"rendered":"Politika privatnosti"},"content":{"rendered":"<div data-elementor-type=\"wp-page\" data-elementor-id=\"3\" class=\"elementor elementor-3\">\n\t\t\t\t\t\t<section class=\"elementor-section elementor-top-section elementor-element elementor-element-40ba4b2b elementor-section-boxed elementor-section-height-default elementor-section-height-default\" data-id=\"40ba4b2b\" data-element_type=\"section\" data-settings=\"{&quot;wdt_bg_image&quot;:{&quot;url&quot;:&quot;&quot;,&quot;id&quot;:&quot;&quot;,&quot;size&quot;:&quot;&quot;},&quot;wdt_bg_image_laptop&quot;:{&quot;url&quot;:&quot;&quot;,&quot;id&quot;:&quot;&quot;,&quot;size&quot;:&quot;&quot;},&quot;wdt_bg_image_tablet_extra&quot;:{&quot;url&quot;:&quot;&quot;,&quot;id&quot;:&quot;&quot;,&quot;size&quot;:&quot;&quot;},&quot;wdt_bg_image_tablet&quot;:{&quot;url&quot;:&quot;&quot;,&quot;id&quot;:&quot;&quot;,&quot;size&quot;:&quot;&quot;},&quot;wdt_bg_image_mobile_extra&quot;:{&quot;url&quot;:&quot;&quot;,&quot;id&quot;:&quot;&quot;,&quot;size&quot;:&quot;&quot;},&quot;wdt_bg_image_mobile&quot;:{&quot;url&quot;:&quot;&quot;,&quot;id&quot;:&quot;&quot;,&quot;size&quot;:&quot;&quot;},&quot;wdt_bg_position&quot;:&quot;center center&quot;,&quot;wdt_animation_effect&quot;:&quot;none&quot;}\">\n\t\t\t\t\t\t<div class=\"elementor-container elementor-column-gap-default\">\n\t\t\t\t\t<div class=\"elementor-column elementor-col-50 elementor-top-column elementor-element elementor-element-6b9d0df3\" data-id=\"6b9d0df3\" data-element_type=\"column\">\n\t\t\t<div class=\"elementor-widget-wrap elementor-element-populated\">\n\t\t\t\t\t\t<div class=\"elementor-element elementor-element-7f6d63c5 elementor-widget elementor-widget-text-editor\" data-id=\"7f6d63c5\" data-element_type=\"widget\" data-settings=\"{&quot;wdt_animation_effect&quot;:&quot;none&quot;}\" data-widget_type=\"text-editor.default\">\n\t\t\t\t<div class=\"elementor-widget-container\">\n\t\t\t\t\t\t\t\t\t\n<h1 class=\"wp-block-heading\" data-start=\"298\" data-end=\"318\"><strong data-start=\"300\" data-end=\"318\">Politika privatnosti<\/strong><\/h1>\n<p class=\"\" data-start=\"320\" data-end=\"393\"><br data-start=\"353\" data-end=\"356\" \/><strong data-start=\"356\" data-end=\"393\">Eyebrow Institution \u2013 Maja Ljaji\u0107<\/strong><\/p>\n<p class=\"\" data-start=\"395\" data-end=\"668\">U <em data-start=\"398\" data-end=\"419\">Eyebrow Institution<\/em>, po\u0161tujemo va\u0161u privatnost i posve\u0107eni smo za\u0161titi va\u0161ih li\u010dnih podataka. Ova politika privatnosti obja\u0161njava kako prikupljamo, koristimo, \u010duvamo i delimo va\u0161e informacije kada pose\u0107ujete na\u0161 sajt, kupujete kurs ili stupate u kontakt sa na\u0161im uslugama.<\/p>\n<hr class=\"\" data-start=\"670\" data-end=\"673\" \/>\n<h2 class=\"\" data-start=\"675\" data-end=\"695\">1. <strong data-start=\"681\" data-end=\"695\">Ko smo mi<\/strong><\/h2>\n<p class=\"\" data-start=\"697\" data-end=\"933\">Ovu internet stranicu vodi <strong data-start=\"725\" data-end=\"748\">Eyebrow Institution<\/strong>, founded and led by <strong data-start=\"769\" data-end=\"784\">Maja Ljaji\u0107<\/strong>, a certified international PMU educator and artist. Our primary service is providing professional online training in the field of permanent make-up.<\/p>\n<hr class=\"\" data-start=\"935\" data-end=\"938\" \/>\n<h2 class=\"\" data-start=\"940\" data-end=\"977\">2. <strong data-start=\"946\" data-end=\"977\">What Information We Collect<\/strong><\/h2>\n<p class=\"\" data-start=\"979\" data-end=\"1040\">When you access or interact with our website, we may collect:<\/p>\n<h3 class=\"\" data-start=\"1042\" data-end=\"1066\">a) <strong data-start=\"1049\" data-end=\"1066\">Personal Data<\/strong><\/h3>\n<ul data-start=\"1067\" data-end=\"1213\">\n<li class=\"\" data-start=\"1067\" data-end=\"1080\">\n<p class=\"\" data-start=\"1069\" data-end=\"1080\">Full name<\/p>\n<\/li>\n<li class=\"\" data-start=\"1081\" data-end=\"1098\">\n<p class=\"\" data-start=\"1083\" data-end=\"1098\">Email address<\/p>\n<\/li>\n<li class=\"\" data-start=\"1099\" data-end=\"1115\">\n<p class=\"\" data-start=\"1101\" data-end=\"1115\">Phone number<\/p>\n<\/li>\n<li class=\"\" data-start=\"1116\" data-end=\"1151\">\n<p class=\"\" data-start=\"1118\" data-end=\"1151\">Billing and payment information<\/p>\n<\/li>\n<li class=\"\" data-start=\"1152\" data-end=\"1170\">\n<p class=\"\" data-start=\"1154\" data-end=\"1170\">Country\/region<\/p>\n<\/li>\n<li class=\"\" data-start=\"1171\" data-end=\"1213\">\n<p class=\"\" data-start=\"1173\" data-end=\"1213\">Communication records (emails, messages)<\/p>\n<\/li>\n<\/ul>\n<h3 class=\"\" data-start=\"1215\" data-end=\"1240\">b) <strong data-start=\"1222\" data-end=\"1240\">Technical Data<\/strong><\/h3>\n<ul data-start=\"1241\" data-end=\"1355\">\n<li class=\"\" data-start=\"1241\" data-end=\"1255\">\n<p class=\"\" data-start=\"1243\" data-end=\"1255\">IP address<\/p>\n<\/li>\n<li class=\"\" data-start=\"1256\" data-end=\"1284\">\n<p class=\"\" data-start=\"1258\" data-end=\"1284\">Browser type and version<\/p>\n<\/li>\n<li class=\"\" data-start=\"1285\" data-end=\"1302\">\n<p class=\"\" data-start=\"1287\" data-end=\"1302\">Pages visited<\/p>\n<\/li>\n<li class=\"\" data-start=\"1303\" data-end=\"1334\">\n<p class=\"\" data-start=\"1305\" data-end=\"1334\">Time and date of your visit<\/p>\n<\/li>\n<li class=\"\" data-start=\"1335\" data-end=\"1355\">\n<p class=\"\" data-start=\"1337\" data-end=\"1355\">Device information<\/p>\n<\/li>\n<\/ul>\n<p class=\"\" data-start=\"1357\" data-end=\"1488\">We collect this data either directly from you (when you register or purchase) or automatically through cookies and analytics tools.<\/p>\n<hr class=\"\" data-start=\"1490\" data-end=\"1493\" \/>\n<h2 class=\"\" data-start=\"1495\" data-end=\"1532\">3. <strong data-start=\"1501\" data-end=\"1532\">How We Use Your Information<\/strong><\/h2>\n<p class=\"\" data-start=\"1534\" data-end=\"1554\">We use your data to:<\/p>\n<ul data-start=\"1555\" data-end=\"1864\">\n<li class=\"\" data-start=\"1555\" data-end=\"1603\">\n<p class=\"\" data-start=\"1557\" data-end=\"1603\">Process payments and grant access to courses<\/p>\n<\/li>\n<li class=\"\" data-start=\"1604\" data-end=\"1655\">\n<p class=\"\" data-start=\"1606\" data-end=\"1655\">Send course-related materials and login details<\/p>\n<\/li>\n<li class=\"\" data-start=\"1656\" data-end=\"1709\">\n<p class=\"\" data-start=\"1658\" data-end=\"1709\">Provide customer support and respond to inquiries<\/p>\n<\/li>\n<li class=\"\" data-start=\"1710\" data-end=\"1761\">\n<p class=\"\" data-start=\"1712\" data-end=\"1761\">Conduct live evaluations and issue certificates<\/p>\n<\/li>\n<li class=\"\" data-start=\"1762\" data-end=\"1825\">\n<p class=\"\" data-start=\"1764\" data-end=\"1825\">Notify you of updates, new content, or service improvements<\/p>\n<\/li>\n<li class=\"\" data-start=\"1826\" data-end=\"1864\">\n<p class=\"\" data-start=\"1828\" data-end=\"1864\">Comply with legal or tax obligations<\/p>\n<\/li>\n<\/ul>\n<p class=\"\" data-start=\"1866\" data-end=\"1944\">We do <strong data-start=\"1872\" data-end=\"1879\">not<\/strong> sell, rent, or trade your personal information to third parties.<\/p>\n<hr class=\"\" data-start=\"1946\" data-end=\"1949\" \/>\n<h2 class=\"\" data-start=\"1951\" data-end=\"1990\">4. <strong data-start=\"1957\" data-end=\"1990\">Course Access &amp; Communication<\/strong><\/h2>\n<p class=\"\" data-start=\"1992\" data-end=\"2055\">Once your payment is processed and evaluated by our admin team:<\/p>\n<ul data-start=\"2056\" data-end=\"2322\">\n<li class=\"\" data-start=\"2056\" data-end=\"2142\">\n<p class=\"\" data-start=\"2058\" data-end=\"2142\">You will receive an <strong data-start=\"2078\" data-end=\"2113\">email with your PDF Masterclass<\/strong> and <strong data-start=\"2118\" data-end=\"2140\">video instructions<\/strong><\/p>\n<\/li>\n<li class=\"\" data-start=\"2143\" data-end=\"2241\">\n<p class=\"\" data-start=\"2145\" data-end=\"2241\">After completing the course, a live <strong data-start=\"2181\" data-end=\"2200\">Zoom\/Teams exam<\/strong> will be scheduled with <strong data-start=\"2224\" data-end=\"2239\">Maja Ljaji\u0107<\/strong><\/p>\n<\/li>\n<li class=\"\" data-start=\"2242\" data-end=\"2322\">\n<p class=\"\" data-start=\"2244\" data-end=\"2322\">Upon successful completion, you will receive your <strong data-start=\"2294\" data-end=\"2322\">personalized certificate<\/strong><\/p>\n<\/li>\n<\/ul>\n<p class=\"\" data-start=\"2324\" data-end=\"2409\">All communication is strictly confidential and used only for course-related purposes.<\/p>\n<hr class=\"\" data-start=\"2411\" data-end=\"2414\" \/>\n<h2 class=\"\" data-start=\"2416\" data-end=\"2460\">5. <strong data-start=\"2422\" data-end=\"2460\">How We Store and Protect Your Data<\/strong><\/h2>\n<p class=\"\" data-start=\"2462\" data-end=\"2652\">Your personal data is stored securely using encrypted servers and access controls. We implement industry-standard security measures to prevent unauthorized access, data breaches, and misuse.<\/p>\n<hr class=\"\" data-start=\"2654\" data-end=\"2657\" \/>\n<h2 class=\"\" data-start=\"2659\" data-end=\"2680\">6. <strong data-start=\"2665\" data-end=\"2680\">Your Rights<\/strong><\/h2>\n<p class=\"\" data-start=\"2682\" data-end=\"2704\">You have the right to:<\/p>\n<ul data-start=\"2705\" data-end=\"2854\">\n<li class=\"\" data-start=\"2705\" data-end=\"2734\">\n<p class=\"\" data-start=\"2707\" data-end=\"2734\">Access your personal data<\/p>\n<\/li>\n<li class=\"\" data-start=\"2735\" data-end=\"2769\">\n<p class=\"\" data-start=\"2737\" data-end=\"2769\">Request correction or deletion<\/p>\n<\/li>\n<li class=\"\" data-start=\"2770\" data-end=\"2802\">\n<p class=\"\" data-start=\"2772\" data-end=\"2802\">Withdraw consent at any time<\/p>\n<\/li>\n<li class=\"\" data-start=\"2803\" data-end=\"2854\">\n<p class=\"\" data-start=\"2805\" data-end=\"2854\">File a complaint with a data protection authority<\/p>\n<\/li>\n<\/ul>\n<p class=\"\" data-start=\"2856\" data-end=\"2928\">To exercise these rights, contact us at:<br data-start=\"2896\" data-end=\"2899\" \/>\ud83d\udce7 <strong data-start=\"2902\" data-end=\"2928\">[Insert contact email]<\/strong><\/p>\n<hr class=\"\" data-start=\"2930\" data-end=\"2933\" \/>\n<h2 class=\"\" data-start=\"2935\" data-end=\"2966\">7. <strong data-start=\"2941\" data-end=\"2966\">Cookies and Analytics<\/strong><\/h2>\n<p class=\"\" data-start=\"2968\" data-end=\"3173\">We use cookies and third-party tools (e.g., Google Analytics) to improve your experience and monitor performance. By using our site, you agree to this use. You may disable cookies in your browser settings.<\/p>\n<hr class=\"\" data-start=\"3175\" data-end=\"3178\" \/>\n<h2 class=\"\" data-start=\"3180\" data-end=\"3207\">8. <strong data-start=\"3186\" data-end=\"3207\">Third-Party Links<\/strong><\/h2>\n<p class=\"\" data-start=\"3209\" data-end=\"3413\">Our website may contain links to third-party platforms (e.g., payment gateways or social media). We are not responsible for their privacy practices, and we encourage you to read their policies separately.<\/p>\n<hr class=\"\" data-start=\"3415\" data-end=\"3418\" \/>\n<h2 class=\"\" data-start=\"3420\" data-end=\"3452\">9. <strong data-start=\"3426\" data-end=\"3452\">Changes to This Policy<\/strong><\/h2>\n<p class=\"\" data-start=\"3454\" data-end=\"3580\">We reserve the right to modify this Privacy Policy at any time. Updates will be posted on this page with a new effective date.<\/p>\n<hr class=\"\" data-start=\"3582\" data-end=\"3585\" \/>\n<h2 class=\"\" data-start=\"3587\" data-end=\"3608\">10. <strong data-start=\"3594\" data-end=\"3608\">Contact Us<\/strong><\/h2>\n<p class=\"\" data-start=\"3610\" data-end=\"3704\">If you have any questions regarding this Privacy Policy or your data, feel free to contact us:<\/p>\n<p class=\"\" data-start=\"3640\" data-end=\"3742\"><strong data-start=\"3640\" data-end=\"3677\">Eyebrow Institution \u2013 Maja Ljaji\u0107<\/strong><br data-start=\"3677\" data-end=\"3680\" \/>Email: <a href=\"mailto:office@eyebrow-institution.com\">office@eyebrow-institution.com<\/a><br data-start=\"3712\" data-end=\"3715\" \/>Website: <a href=\"https:\/\/eyebrow-institution.com\/sr\/\">eyebrow-institution.com<\/a><\/p>\n\t\t\t\t\t\t\t\t<\/div>\n\t\t\t\t<\/div>\n\t\t\t\t\t<\/div>\n\t\t<\/div>\n\t\t\t\t<div class=\"elementor-column elementor-col-50 elementor-top-column elementor-element elementor-element-ef1a365\" data-id=\"ef1a365\" data-element_type=\"column\">\n\t\t\t<div class=\"elementor-widget-wrap elementor-element-populated\">\n\t\t\t\t\t\t<div class=\"elementor-element elementor-element-09ed59d elementor-widget elementor-widget-text-editor\" data-id=\"09ed59d\" data-element_type=\"widget\" data-settings=\"{&quot;wdt_animation_effect&quot;:&quot;none&quot;}\" data-widget_type=\"text-editor.default\">\n\t\t\t\t<div class=\"elementor-widget-container\">\n\t\t\t\t\t\t\t\t\t\n<h1 class=\"wp-block-heading\" data-start=\"153\" data-end=\"179\"><strong data-start=\"155\" data-end=\"179\">Politika Privatnosti<\/strong><\/h1>\n<p class=\"\" data-start=\"181\" data-end=\"265\"><br data-start=\"225\" data-end=\"228\" \/><strong data-start=\"228\" data-end=\"265\">Eyebrow Institution \u2013 Maja Ljaji\u0107<\/strong><\/p>\n<p class=\"\" data-start=\"267\" data-end=\"542\">U <em data-start=\"269\" data-end=\"290\">Eyebrow Institution<\/em> po\u0161tujemo va\u0161u privatnost i posve\u0107eni smo za\u0161titi va\u0161ih li\u010dnih podataka. Ova politika privatnosti obja\u0161njava kako prikupljamo, koristimo, \u010duvamo i delimo va\u0161e informacije kada pose\u0107ujete na\u0161 sajt, kupujete kurs ili stupate u kontakt sa na\u0161im uslugama.<\/p>\n<hr class=\"\" data-start=\"544\" data-end=\"547\" \/>\n<h2 class=\"\" data-start=\"549\" data-end=\"568\">1. <strong data-start=\"555\" data-end=\"568\">Ko smo mi<\/strong><\/h2>\n<p class=\"\" data-start=\"570\" data-end=\"824\">Ovu internet stranicu vodi <strong data-start=\"597\" data-end=\"620\">Eyebrow Institution<\/strong>, \u010diji je osniva\u010d i glavni edukator <strong data-start=\"656\" data-end=\"671\">Maja Ljaji\u0107<\/strong> \u2013 internacionalno priznata umetnica trajne \u0161minke i edukator. Na\u0161a primarna usluga je pru\u017eanje profesionalnih online edukacija iz oblasti trajne \u0161minke.<\/p>\n<hr class=\"\" data-start=\"826\" data-end=\"829\" \/>\n<h2 class=\"\" data-start=\"831\" data-end=\"865\">2. <strong data-start=\"837\" data-end=\"865\">Koje podatke prikupljamo<\/strong><\/h2>\n<p class=\"\" data-start=\"867\" data-end=\"941\">Kada koristite na\u0161 sajt ili kupite kurs, mo\u017eemo prikupiti slede\u0107e podatke:<\/p>\n<h3 class=\"\" data-start=\"943\" data-end=\"966\">a) <strong data-start=\"950\" data-end=\"966\">Li\u010dni podaci<\/strong><\/h3>\n<ul data-start=\"967\" data-end=\"1107\">\n<li class=\"\" data-start=\"967\" data-end=\"984\">\n<p class=\"\" data-start=\"969\" data-end=\"984\">Ime i prezime<\/p>\n<\/li>\n<li class=\"\" data-start=\"985\" data-end=\"1001\">\n<p class=\"\" data-start=\"987\" data-end=\"1001\">Email adresa<\/p>\n<\/li>\n<li class=\"\" data-start=\"1002\" data-end=\"1019\">\n<p class=\"\" data-start=\"1004\" data-end=\"1019\">Broj telefona<\/p>\n<\/li>\n<li class=\"\" data-start=\"1020\" data-end=\"1056\">\n<p class=\"\" data-start=\"1022\" data-end=\"1056\">Podaci o pla\u0107anju i fakturisanje<\/p>\n<\/li>\n<li class=\"\" data-start=\"1057\" data-end=\"1072\">\n<p class=\"\" data-start=\"1059\" data-end=\"1072\">Dr\u017eava\/grad<\/p>\n<\/li>\n<li class=\"\" data-start=\"1073\" data-end=\"1107\">\n<p class=\"\" data-start=\"1075\" data-end=\"1107\">Prepiska sa korisni\u010dkom podr\u0161kom<\/p>\n<\/li>\n<\/ul>\n<h3 class=\"\" data-start=\"1109\" data-end=\"1135\">b) <strong data-start=\"1116\" data-end=\"1135\">Tehni\u010dki podaci<\/strong><\/h3>\n<ul data-start=\"1136\" data-end=\"1253\">\n<li class=\"\" data-start=\"1136\" data-end=\"1149\">\n<p class=\"\" data-start=\"1138\" data-end=\"1149\">IP adresa<\/p>\n<\/li>\n<li class=\"\" data-start=\"1150\" data-end=\"1180\">\n<p class=\"\" data-start=\"1152\" data-end=\"1180\">Tip i verzija pretra\u017eiva\u010da<\/p>\n<\/li>\n<li class=\"\" data-start=\"1181\" data-end=\"1209\">\n<p class=\"\" data-start=\"1183\" data-end=\"1209\">Stranice koje pose\u0107ujete<\/p>\n<\/li>\n<li class=\"\" data-start=\"1210\" data-end=\"1234\">\n<p class=\"\" data-start=\"1212\" data-end=\"1234\">Vreme i datum posete<\/p>\n<\/li>\n<li class=\"\" data-start=\"1235\" data-end=\"1253\">\n<p class=\"\" data-start=\"1237\" data-end=\"1253\">Podaci o ure\u0111aju<\/p>\n<\/li>\n<\/ul>\n<p class=\"\" data-start=\"1255\" data-end=\"1374\">Podatke prikupljamo direktno od vas (prilikom registracije\/kupovine) ili automatski putem kola\u010di\u0107a i analiti\u010dkih alata.<\/p>\n<hr class=\"\" data-start=\"1376\" data-end=\"1379\" \/>\n<h2 class=\"\" data-start=\"1381\" data-end=\"1418\">3. <strong data-start=\"1387\" data-end=\"1418\">Kako koristimo va\u0161e podatke<\/strong><\/h2>\n<p class=\"\" data-start=\"1420\" data-end=\"1441\">Podatke koristimo za:<\/p>\n<ul data-start=\"1442\" data-end=\"1745\">\n<li class=\"\" data-start=\"1442\" data-end=\"1491\">\n<p class=\"\" data-start=\"1444\" data-end=\"1491\">Obradu pla\u0107anja i omogu\u0107avanje pristupa kursu<\/p>\n<\/li>\n<li class=\"\" data-start=\"1492\" data-end=\"1555\">\n<p class=\"\" data-start=\"1494\" data-end=\"1555\">Slanje kurseva, materijala i video instrukcija putem emaila<\/p>\n<\/li>\n<li class=\"\" data-start=\"1556\" data-end=\"1601\">\n<p class=\"\" data-start=\"1558\" data-end=\"1601\">Podr\u0161ku korisnicima i odgovore na pitanja<\/p>\n<\/li>\n<li class=\"\" data-start=\"1602\" data-end=\"1655\">\n<p class=\"\" data-start=\"1604\" data-end=\"1655\">Zakazivanje online ispita i izdavanje sertifikata<\/p>\n<\/li>\n<li class=\"\" data-start=\"1656\" data-end=\"1712\">\n<p class=\"\" data-start=\"1658\" data-end=\"1712\">Slanje obave\u0161tenja o novim kursevima i unapre\u0111enjima<\/p>\n<\/li>\n<li class=\"\" data-start=\"1713\" data-end=\"1745\">\n<p class=\"\" data-start=\"1715\" data-end=\"1745\">Ispunjavanje zakonskih obaveza<\/p>\n<\/li>\n<\/ul>\n<p class=\"\" data-start=\"1747\" data-end=\"1826\">Va\u0161e podatke <strong data-start=\"1760\" data-end=\"1788\">ne prodajemo niti delimo<\/strong> sa tre\u0107im licima u marketin\u0161ke svrhe.<\/p>\n<hr class=\"\" data-start=\"1828\" data-end=\"1831\" \/>\n<h2 class=\"\" data-start=\"1833\" data-end=\"1871\">4. <strong data-start=\"1839\" data-end=\"1871\">Pristup kursu i komunikacija<\/strong><\/h2>\n<p class=\"\" data-start=\"1873\" data-end=\"1922\">Nakon izvr\u0161ene uplate i potvrde od strane admina:<\/p>\n<ul data-start=\"1923\" data-end=\"2171\">\n<li class=\"\" data-start=\"1923\" data-end=\"2003\">\n<p class=\"\" data-start=\"1925\" data-end=\"2003\">Dobi\u0107ete email sa <strong data-start=\"1943\" data-end=\"1964\">PDF vodi\u010dem kursa<\/strong> i <strong data-start=\"1967\" data-end=\"2001\">uputstvima za video materijale<\/strong><\/p>\n<\/li>\n<li class=\"\" data-start=\"2004\" data-end=\"2101\">\n<p class=\"\" data-start=\"2006\" data-end=\"2101\">Po zavr\u0161etku kursa, zakazuje se <strong data-start=\"2038\" data-end=\"2079\">online ispit putem Zoom-a ili Teams-a<\/strong> sa <strong data-start=\"2083\" data-end=\"2099\">Majom Ljaji\u0107<\/strong><\/p>\n<\/li>\n<li class=\"\" data-start=\"2102\" data-end=\"2171\">\n<p class=\"\" data-start=\"2104\" data-end=\"2171\">Nakon uspe\u0161nog polaganja, dobi\u0107ete <strong data-start=\"2139\" data-end=\"2171\">sertifikat o zavr\u0161enom kursu<\/strong><\/p>\n<\/li>\n<\/ul>\n<p class=\"\" data-start=\"2173\" data-end=\"2238\">Va\u0161i podaci se koriste isklju\u010divo za realizaciju ovih aktivnosti.<\/p>\n<hr class=\"\" data-start=\"2240\" data-end=\"2243\" \/>\n<h2 class=\"\" data-start=\"2245\" data-end=\"2281\">5. <strong data-start=\"2251\" data-end=\"2281\">\u010cuvanje i za\u0161tita podataka<\/strong><\/h2>\n<p class=\"\" data-start=\"2283\" data-end=\"2439\">Va\u0161i podaci se \u010duvaju na sigurnim serverima uz primenu za\u0161titnih mera (enkripcija, ograni\u010den pristup itd.) koje spre\u010davaju neovla\u0161\u0107en pristup i zloupotrebu.<\/p>\n<hr class=\"\" data-start=\"2441\" data-end=\"2444\" \/>\n<h2 class=\"\" data-start=\"2446\" data-end=\"2466\">6. <strong data-start=\"2452\" data-end=\"2466\">Va\u0161a prava<\/strong><\/h2>\n<p class=\"\" data-start=\"2468\" data-end=\"2483\">Imate pravo da:<\/p>\n<ul data-start=\"2484\" data-end=\"2654\">\n<li class=\"\" data-start=\"2484\" data-end=\"2514\">\n<p class=\"\" data-start=\"2486\" data-end=\"2514\">Pristupite svojim podacima<\/p>\n<\/li>\n<li class=\"\" data-start=\"2515\" data-end=\"2557\">\n<p class=\"\" data-start=\"2517\" data-end=\"2557\">Zatra\u017eite izmenu ili brisanje podataka<\/p>\n<\/li>\n<li class=\"\" data-start=\"2558\" data-end=\"2599\">\n<p class=\"\" data-start=\"2560\" data-end=\"2599\">Povu\u0107ete pristanak na obradu podataka<\/p>\n<\/li>\n<li class=\"\" data-start=\"2600\" data-end=\"2654\">\n<p class=\"\" data-start=\"2602\" data-end=\"2654\">Podnesete \u017ealbu nadle\u017enom organu za za\u0161titu podataka<\/p>\n<\/li>\n<\/ul>\n<p class=\"\" data-start=\"2656\" data-end=\"2747\">Za ostvarivanje ovih prava kontaktirajte nas putem emaila:<br data-start=\"2714\" data-end=\"2717\" \/>\ud83d\udce7 <strong data-start=\"2720\" data-end=\"2747\">[Unesite kontakt email]<\/strong><\/p>\n<hr class=\"\" data-start=\"2749\" data-end=\"2752\" \/>\n<h2 class=\"\" data-start=\"2754\" data-end=\"2784\">7. <strong data-start=\"2760\" data-end=\"2784\">Kola\u010di\u0107i i analitika<\/strong><\/h2>\n<p class=\"\" data-start=\"2786\" data-end=\"2981\">Koristimo kola\u010di\u0107e i alate kao \u0161to je Google Analytics za pra\u0107enje poseta i pobolj\u0161anje sajta. Kori\u0161\u0107enjem sajta pristajete na ovu praksu. Kola\u010di\u0107e mo\u017eete isklju\u010diti u pode\u0161avanjima pretra\u017eiva\u010da.<\/p>\n<hr class=\"\" data-start=\"2983\" data-end=\"2986\" \/>\n<h2 class=\"\" data-start=\"2988\" data-end=\"3024\">8. <strong data-start=\"2994\" data-end=\"3024\">Linkovi ka tre\u0107im stranama<\/strong><\/h2>\n<p class=\"\" data-start=\"3026\" data-end=\"3209\">Na sajtu se mogu nalaziti linkovi ka drugim platformama (npr. PayPal, dru\u0161tvene mre\u017ee). Ne snosimo odgovornost za njihovu politiku privatnosti i preporu\u010dujemo da je zasebno pro\u010ditate.<\/p>\n<hr class=\"\" data-start=\"3211\" data-end=\"3214\" \/>\n<h2 class=\"\" data-start=\"3216\" data-end=\"3253\">9. <strong data-start=\"3222\" data-end=\"3253\">Izmene politike privatnosti<\/strong><\/h2>\n<p class=\"\" data-start=\"3255\" data-end=\"3394\">Zadr\u017eavamo pravo da u svakom trenutku izmenimo ovu politiku privatnosti. Sve izmene bi\u0107e objavljene na ovoj stranici sa a\u017euriranim datumom.<\/p>\n<hr class=\"\" data-start=\"3396\" data-end=\"3399\" \/>\n<h2 class=\"\" data-start=\"3401\" data-end=\"3419\">10. <strong data-start=\"3408\" data-end=\"3419\">Kontakt<\/strong><\/h2>\n<p class=\"\" data-start=\"3421\" data-end=\"3491\">Za sva pitanja ili zahteve u vezi sa va\u0161im podacima kontaktirajte nas:<\/p>\n<p class=\"\" data-start=\"3493\" data-end=\"3594\"><strong data-start=\"3493\" data-end=\"3530\">Eyebrow Institution \u2013 Maja Ljaji\u0107<\/strong><br data-start=\"3530\" data-end=\"3533\" \/>Email: <a href=\"mailto:office@eyebrow-institution.com\">office@eyebrow-institution.com<\/a><br data-start=\"3712\" data-end=\"3715\" \/>Website: <a href=\"https:\/\/eyebrow-institution.com\/sr\/\">eyebrow-institution.com<\/a><\/p>\n\t\t\t\t\t\t\t\t<\/div>\n\t\t\t\t<\/div>\n\t\t\t\t\t<\/div>\n\t\t<\/div>\n\t\t\t\t\t<\/div>\n\t\t<\/section>\n\t\t\t\t<\/div>","protected":false},"excerpt":{"rendered":"<p>Privacy Policy Eyebrow Institution \u2013 Maja Ljaji\u0107 At Eyebrow Institution, we are committed to protecting your privacy and safeguarding your personal data. This Privacy Policy explains how we collect, use, disclose, and protect your information when you visit our website, purchase a course, or interact with our services. 1. Who We Are This website is [&hellip;]<\/p>","protected":false},"author":1,"featured_media":0,"parent":0,"menu_order":0,"comment_status":"closed","ping_status":"open","template":"","meta":{"footnotes":""},"class_list":["post-3","page","type-page","status-publish","hentry"],"_links":{"self":[{"href":"https:\/\/eyebrow-institution.com\/sr\/wp-json\/wp\/v2\/pages\/3","targetHints":{"allow":["GET"]}}],"collection":[{"href":"https:\/\/eyebrow-institution.com\/sr\/wp-json\/wp\/v2\/pages"}],"about":[{"href":"https:\/\/eyebrow-institution.com\/sr\/wp-json\/wp\/v2\/types\/page"}],"author":[{"embeddable":true,"href":"https:\/\/eyebrow-institution.com\/sr\/wp-json\/wp\/v2\/users\/1"}],"replies":[{"embeddable":true,"href":"https:\/\/eyebrow-institution.com\/sr\/wp-json\/wp\/v2\/comments?post=3"}],"version-history":[{"count":8,"href":"https:\/\/eyebrow-institution.com\/sr\/wp-json\/wp\/v2\/pages\/3\/revisions"}],"predecessor-version":[{"id":2258,"href":"https:\/\/eyebrow-institution.com\/sr\/wp-json\/wp\/v2\/pages\/3\/revisions\/2258"}],"wp:attachment":[{"href":"https:\/\/eyebrow-institution.com\/sr\/wp-json\/wp\/v2\/media?parent=3"}],"curies":[{"name":"wp","href":"https:\/\/api.w.org\/{rel}","templated":true}]}}