{"id":2162,"date":"2025-05-17T02:37:17","date_gmt":"2025-05-17T00:37:17","guid":{"rendered":"https:\/\/eyebrow-institution.com\/?page_id=2162"},"modified":"2025-05-19T02:49:05","modified_gmt":"2025-05-19T00:49:05","slug":"terms-conditions","status":"publish","type":"page","link":"https:\/\/eyebrow-institution.com\/sr\/terms-conditions\/","title":{"rendered":"Uslovi i odredbe"},"content":{"rendered":"<div data-elementor-type=\"wp-page\" data-elementor-id=\"2162\" class=\"elementor elementor-2162\">\n\t\t\t\t\t\t<section class=\"elementor-section elementor-top-section elementor-element elementor-element-748adab6 elementor-section-boxed elementor-section-height-default elementor-section-height-default\" data-id=\"748adab6\" data-element_type=\"section\" data-settings=\"{&quot;wdt_bg_image&quot;:{&quot;url&quot;:&quot;&quot;,&quot;id&quot;:&quot;&quot;,&quot;size&quot;:&quot;&quot;},&quot;wdt_bg_image_laptop&quot;:{&quot;url&quot;:&quot;&quot;,&quot;id&quot;:&quot;&quot;,&quot;size&quot;:&quot;&quot;},&quot;wdt_bg_image_tablet_extra&quot;:{&quot;url&quot;:&quot;&quot;,&quot;id&quot;:&quot;&quot;,&quot;size&quot;:&quot;&quot;},&quot;wdt_bg_image_tablet&quot;:{&quot;url&quot;:&quot;&quot;,&quot;id&quot;:&quot;&quot;,&quot;size&quot;:&quot;&quot;},&quot;wdt_bg_image_mobile_extra&quot;:{&quot;url&quot;:&quot;&quot;,&quot;id&quot;:&quot;&quot;,&quot;size&quot;:&quot;&quot;},&quot;wdt_bg_image_mobile&quot;:{&quot;url&quot;:&quot;&quot;,&quot;id&quot;:&quot;&quot;,&quot;size&quot;:&quot;&quot;},&quot;wdt_bg_position&quot;:&quot;center center&quot;,&quot;wdt_animation_effect&quot;:&quot;none&quot;}\">\n\t\t\t\t\t\t<div class=\"elementor-container elementor-column-gap-default\">\n\t\t\t\t\t<div class=\"elementor-column elementor-col-50 elementor-top-column elementor-element elementor-element-1d06e70c\" data-id=\"1d06e70c\" data-element_type=\"column\">\n\t\t\t<div class=\"elementor-widget-wrap elementor-element-populated\">\n\t\t\t\t\t\t<div class=\"elementor-element elementor-element-48659a8 elementor-widget elementor-widget-text-editor\" data-id=\"48659a8\" data-element_type=\"widget\" data-settings=\"{&quot;wdt_animation_effect&quot;:&quot;none&quot;}\" data-widget_type=\"text-editor.default\">\n\t\t\t\t<div class=\"elementor-widget-container\">\n\t\t\t\t\t\t\t\t\t\n<h1 class=\"wp-block-heading\" data-start=\"249\" data-end=\"273\"><strong data-start=\"251\" data-end=\"273\">Uslovi i odredbe<\/strong><\/h1>\n<h4 data-start=\"249\" data-end=\"273\"><br data-start=\"308\" data-end=\"311\" \/><strong data-start=\"311\" data-end=\"348\">Eyebrow Institution \u2013 Maja Ljaji\u0107<\/strong><\/h4>\n<p class=\"\" data-start=\"350\" data-end=\"604\">Dobrodo\u0161li na zvani\u010dnu veb stranicu <strong data-start=\"385\" data-end=\"408\">Eyebrow Institution<\/strong>, u vlasni\u0161tvu i pod upravom <strong data-start=\"432\" data-end=\"447\">Maja Ljaji\u0107<\/strong>, international PMU artist and educator. By accessing, browsing, or purchasing from our website, you agree to be bound by the following Terms and Conditions.<\/p>\n<p class=\"\" data-start=\"606\" data-end=\"659\">Please read them carefully before using our services.<\/p>\n<hr class=\"\" data-start=\"661\" data-end=\"664\" \/>\n<h2 class=\"\" data-start=\"666\" data-end=\"683\">1. <strong data-start=\"672\" data-end=\"683\">General<\/strong><\/h2>\n<p class=\"\" data-start=\"685\" data-end=\"998\">These Terms govern your use of the Eyebrow Institution website and all its services, including course registration, digital products, video materials, and certification. By accessing or purchasing from us, you acknowledge that you are at least 18 years old and legally capable of entering into binding agreements.<\/p>\n<hr class=\"\" data-start=\"1000\" data-end=\"1003\" \/>\n<h2 class=\"\" data-start=\"1005\" data-end=\"1042\">2. <strong data-start=\"1011\" data-end=\"1042\">Course Enrollment &amp; Payment<\/strong><\/h2>\n<ul data-start=\"1044\" data-end=\"1425\">\n<li class=\"\" data-start=\"1044\" data-end=\"1110\">\n<p class=\"\" data-start=\"1046\" data-end=\"1110\">All course fees must be paid in full before access is granted.<\/p>\n<\/li>\n<li class=\"\" data-start=\"1111\" data-end=\"1269\">\n<p class=\"\" data-start=\"1113\" data-end=\"1184\">Upon successful payment and admin approval, you will receive access to:<\/p>\n<ul data-start=\"1187\" data-end=\"1269\">\n<li class=\"\" data-start=\"1187\" data-end=\"1219\">\n<p class=\"\" data-start=\"1189\" data-end=\"1219\"><strong data-start=\"1189\" data-end=\"1217\">PDF Masterclass material<\/strong><\/p>\n<\/li>\n<li class=\"\" data-start=\"1222\" data-end=\"1269\">\n<p class=\"\" data-start=\"1224\" data-end=\"1269\"><strong data-start=\"1224\" data-end=\"1267\">Video training modules and instructions<\/strong><\/p>\n<\/li>\n<\/ul>\n<\/li>\n<li class=\"\" data-start=\"1271\" data-end=\"1340\">\n<p class=\"\" data-start=\"1273\" data-end=\"1340\">Payments are non-refundable once the material has been delivered.<\/p>\n<\/li>\n<li class=\"\" data-start=\"1341\" data-end=\"1425\">\n<p class=\"\" data-start=\"1343\" data-end=\"1425\">Eyebrow Institution reserves the right to refuse service to anyone for any reason.<\/p>\n<\/li>\n<\/ul>\n<hr class=\"\" data-start=\"1427\" data-end=\"1430\" \/>\n<h2 class=\"\" data-start=\"1432\" data-end=\"1475\">3. <strong data-start=\"1438\" data-end=\"1475\">Course Completion &amp; Certification<\/strong><\/h2>\n<ul data-start=\"1477\" data-end=\"1794\">\n<li class=\"\" data-start=\"1477\" data-end=\"1594\">\n<p class=\"\" data-start=\"1479\" data-end=\"1594\">After completing the course, students must schedule a live <strong data-start=\"1538\" data-end=\"1570\">Zoom or Microsoft Teams exam<\/strong> with <strong data-start=\"1576\" data-end=\"1591\">Maja Ljaji\u0107<\/strong>.<\/p>\n<\/li>\n<li class=\"\" data-start=\"1595\" data-end=\"1794\">\n<p class=\"\" data-start=\"1597\" data-end=\"1647\">The certificate will be awarded only to those who:<\/p>\n<ul data-start=\"1650\" data-end=\"1794\">\n<li class=\"\" data-start=\"1650\" data-end=\"1696\">\n<p class=\"\" data-start=\"1652\" data-end=\"1696\">Successfully complete all training modules<\/p>\n<\/li>\n<li class=\"\" data-start=\"1699\" data-end=\"1727\">\n<p class=\"\" data-start=\"1701\" data-end=\"1727\">Pass the live evaluation<\/p>\n<\/li>\n<li class=\"\" data-start=\"1730\" data-end=\"1794\">\n<p class=\"\" data-start=\"1732\" data-end=\"1794\">Demonstrate understanding of the material and proper technique<\/p>\n<\/li>\n<\/ul>\n<\/li>\n<\/ul>\n<hr class=\"\" data-start=\"1796\" data-end=\"1799\" \/>\n<h2 class=\"\" data-start=\"1801\" data-end=\"1832\">4. <strong data-start=\"1807\" data-end=\"1832\">Intellectual Property<\/strong><\/h2>\n<p class=\"\" data-start=\"1834\" data-end=\"2092\">All course materials, including PDFs, videos, branding, images, and content, are the <strong data-start=\"1919\" data-end=\"1983\">intellectual property of Eyebrow Institution and Maja Ljaji\u0107<\/strong>.<br data-start=\"1984\" data-end=\"1987\" \/>You <strong data-start=\"1991\" data-end=\"2040\">may not reproduce, distribute, sell, or share<\/strong> any part of the content without written permission.<\/p>\n<p class=\"\" data-start=\"2094\" data-end=\"2176\">Violating this clause will result in legal action and revocation of certification.<\/p>\n<hr class=\"\" data-start=\"2178\" data-end=\"2181\" \/>\n<h2 class=\"\" data-start=\"2183\" data-end=\"2214\">5. <strong data-start=\"2189\" data-end=\"2214\">User Responsibilities<\/strong><\/h2>\n<p class=\"\" data-start=\"2216\" data-end=\"2255\">By enrolling in a course, you agree to:<\/p>\n<ul data-start=\"2256\" data-end=\"2475\">\n<li class=\"\" data-start=\"2256\" data-end=\"2301\">\n<p class=\"\" data-start=\"2258\" data-end=\"2301\">Provide accurate and truthful information<\/p>\n<\/li>\n<li class=\"\" data-start=\"2302\" data-end=\"2347\">\n<p class=\"\" data-start=\"2304\" data-end=\"2347\">Not misuse, copy, or share course content<\/p>\n<\/li>\n<li class=\"\" data-start=\"2348\" data-end=\"2421\">\n<p class=\"\" data-start=\"2350\" data-end=\"2421\">Respect the time and effort of the instructor and administrative team<\/p>\n<\/li>\n<li class=\"\" data-start=\"2422\" data-end=\"2475\">\n<p class=\"\" data-start=\"2424\" data-end=\"2475\">Use acquired knowledge ethically and professionally<\/p>\n<\/li>\n<\/ul>\n<hr class=\"\" data-start=\"2477\" data-end=\"2480\" \/>\n<h2 class=\"\" data-start=\"2482\" data-end=\"2516\">6. <strong data-start=\"2488\" data-end=\"2516\">Limitations of Liability<\/strong><\/h2>\n<p class=\"\" data-start=\"2518\" data-end=\"2567\">Eyebrow Institution shall not be held liable for:<\/p>\n<ul data-start=\"2568\" data-end=\"2776\">\n<li class=\"\" data-start=\"2568\" data-end=\"2639\">\n<p class=\"\" data-start=\"2570\" data-end=\"2639\">Any outcomes resulting from incorrect application of PMU techniques<\/p>\n<\/li>\n<li class=\"\" data-start=\"2640\" data-end=\"2706\">\n<p class=\"\" data-start=\"2642\" data-end=\"2706\">Technical issues preventing temporary access to course content<\/p>\n<\/li>\n<li class=\"\" data-start=\"2707\" data-end=\"2776\">\n<p class=\"\" data-start=\"2709\" data-end=\"2776\">Third-party platform issues (e.g., payment processors, Zoom, Teams)<\/p>\n<\/li>\n<\/ul>\n<p class=\"\" data-start=\"2778\" data-end=\"2913\">While we strive to provide high-quality education, <strong data-start=\"2829\" data-end=\"2912\">your personal progress and success depend on your own effort and responsibility<\/strong>.<\/p>\n<hr class=\"\" data-start=\"2915\" data-end=\"2918\" \/>\n<h2 class=\"\" data-start=\"2920\" data-end=\"2959\">7. <strong data-start=\"2926\" data-end=\"2959\">Modifications and Termination<\/strong><\/h2>\n<p class=\"\" data-start=\"2961\" data-end=\"3003\">Eyebrow Institution reserves the right to:<\/p>\n<ul data-start=\"3004\" data-end=\"3153\">\n<li class=\"\" data-start=\"3004\" data-end=\"3041\">\n<p class=\"\" data-start=\"3006\" data-end=\"3041\">Modify course content at any time<\/p>\n<\/li>\n<li class=\"\" data-start=\"3042\" data-end=\"3091\">\n<p class=\"\" data-start=\"3044\" data-end=\"3091\">Change pricing or structure with prior notice<\/p>\n<\/li>\n<li class=\"\" data-start=\"3092\" data-end=\"3153\">\n<p class=\"\" data-start=\"3094\" data-end=\"3153\">Terminate access in case of policy violations or misconduct<\/p>\n<\/li>\n<\/ul>\n<hr class=\"\" data-start=\"3155\" data-end=\"3158\" \/>\n<h2 class=\"\" data-start=\"3160\" data-end=\"3184\">8. <strong data-start=\"3166\" data-end=\"3184\">Politika privatnosti<\/strong><\/h2>\n<p class=\"\" data-start=\"3186\" data-end=\"3342\">By agreeing to these Terms, you also acknowledge that you have read and understood our <a class=\"\" href=\"#\" rel=\"noopener\" data-start=\"3273\" data-end=\"3292\">Politika privatnosti<\/a>, which explains how we handle your personal data.<\/p>\n<hr class=\"\" data-start=\"3344\" data-end=\"3347\" \/>\n<h2 class=\"\" data-start=\"3349\" data-end=\"3372\">9. <strong data-start=\"3355\" data-end=\"3372\">Governing Law<\/strong><\/h2>\n<p class=\"\" data-start=\"3374\" data-end=\"3531\">These Terms are governed by the laws of [Insert Country, e.g. Republic of Serbia]. Any disputes shall be resolved in the jurisdiction of [Insert City\/Court].<\/p>\n<hr class=\"\" data-start=\"3533\" data-end=\"3536\" \/>\n<h2 class=\"\" data-start=\"3538\" data-end=\"3556\">10. <strong data-start=\"3545\" data-end=\"3556\">Kontakt<\/strong><\/h2>\n<p class=\"\" data-start=\"3558\" data-end=\"3638\">If you have any questions regarding these Terms &amp; Conditions, please contact us:<\/p>\n<p class=\"\" data-start=\"3640\" data-end=\"3742\"><strong data-start=\"3640\" data-end=\"3677\">Eyebrow Institution \u2013 Maja Ljaji\u0107<\/strong><br data-start=\"3677\" data-end=\"3680\" \/>Email: <a href=\"mailto:office@eyebrow-institution.com\">office@eyebrow-institution.com<\/a><br data-start=\"3712\" data-end=\"3715\" \/>Website: <a href=\"https:\/\/eyebrow-institution.com\/sr\/\">eyebrow-institution.com<\/a><\/p>\n\t\t\t\t\t\t\t\t<\/div>\n\t\t\t\t<\/div>\n\t\t\t\t\t<\/div>\n\t\t<\/div>\n\t\t\t\t<div class=\"elementor-column elementor-col-50 elementor-top-column elementor-element elementor-element-32e25dd\" data-id=\"32e25dd\" data-element_type=\"column\">\n\t\t\t<div class=\"elementor-widget-wrap elementor-element-populated\">\n\t\t\t\t\t\t<div class=\"elementor-element elementor-element-ad4163e elementor-widget elementor-widget-text-editor\" data-id=\"ad4163e\" data-element_type=\"widget\" data-settings=\"{&quot;wdt_animation_effect&quot;:&quot;none&quot;}\" data-widget_type=\"text-editor.default\">\n\t\t\t\t<div class=\"elementor-widget-container\">\n\t\t\t\t\t\t\t\t\t\n<h1 class=\"wp-block-heading\" data-start=\"216\" data-end=\"239\"><strong data-start=\"218\" data-end=\"239\">Uslovi kori\u0161\u0107enja<\/strong><\/h1>\n<p class=\"\" data-start=\"241\" data-end=\"325\"><br data-start=\"285\" data-end=\"288\" \/><strong data-start=\"288\" data-end=\"325\">Eyebrow Institution \u2013 Maja Ljaji\u0107<\/strong><\/p>\n<p class=\"\" data-start=\"327\" data-end=\"563\">Dobrodo\u0161li na zvani\u010dnu internet stranicu <strong data-start=\"368\" data-end=\"391\">Eyebrow Institution<\/strong>, koju vodi i ure\u0111uje <strong data-start=\"413\" data-end=\"428\">Maja Ljaji\u0107<\/strong>, internacionalna umetnica trajne \u0161minke i edukator. Kori\u0161\u0107enjem ovog sajta i\/ili kupovinom kursa prihvatate slede\u0107e uslove kori\u0161\u0107enja.<\/p>\n<p class=\"\" data-start=\"565\" data-end=\"650\">Molimo vas da ih pa\u017eljivo pro\u010ditate pre nego \u0161to zapo\u010dnete kori\u0161\u0107enje sajta i usluga.<\/p>\n<hr class=\"\" data-start=\"652\" data-end=\"655\" \/>\n<h2 class=\"\" data-start=\"657\" data-end=\"680\">1. <strong data-start=\"663\" data-end=\"680\">Op\u0161te odredbe<\/strong><\/h2>\n<p class=\"\" data-start=\"682\" data-end=\"963\">Ovi uslovi reguli\u0161u kori\u0161\u0107enje sajta Eyebrow Institution, uklju\u010duju\u0107i prijavu na kurseve, kupovinu digitalnih proizvoda, pristup video materijalima i izdavanje sertifikata. Kori\u0161\u0107enjem sajta potvr\u0111ujete da imate najmanje 18 godina i da ste pravno sposobni da prihvatite ove uslove.<\/p>\n<hr class=\"\" data-start=\"965\" data-end=\"968\" \/>\n<h2 class=\"\" data-start=\"970\" data-end=\"1006\">2. <strong data-start=\"976\" data-end=\"1006\">Prijava i pla\u0107anje kurseva<\/strong><\/h2>\n<ul data-start=\"1008\" data-end=\"1467\">\n<li class=\"\" data-start=\"1008\" data-end=\"1084\">\n<p class=\"\" data-start=\"1010\" data-end=\"1084\">Svi kursevi se pla\u0107aju <strong data-start=\"1033\" data-end=\"1054\">u celosti unapred<\/strong>, pre pristupa materijalima.<\/p>\n<\/li>\n<li class=\"\" data-start=\"1085\" data-end=\"1225\">\n<p class=\"\" data-start=\"1087\" data-end=\"1156\">Nakon uspe\u0161nog pla\u0107anja i potvrde od strane administracije, dobi\u0107ete:<\/p>\n<ul data-start=\"1159\" data-end=\"1225\">\n<li class=\"\" data-start=\"1159\" data-end=\"1182\">\n<p class=\"\" data-start=\"1161\" data-end=\"1182\"><strong data-start=\"1161\" data-end=\"1180\">PDF vodi\u010d kursa<\/strong><\/p>\n<\/li>\n<li class=\"\" data-start=\"1185\" data-end=\"1225\">\n<p class=\"\" data-start=\"1187\" data-end=\"1225\"><strong data-start=\"1187\" data-end=\"1225\">Video materijale i uputstva za rad<\/strong><\/p>\n<\/li>\n<\/ul>\n<\/li>\n<li class=\"\" data-start=\"1227\" data-end=\"1338\">\n<p class=\"\" data-start=\"1229\" data-end=\"1338\">Jednom dostavljen materijal se smatra iskori\u0161\u0107enim \u2014 <strong data-start=\"1282\" data-end=\"1310\">nema povra\u0107aja sredstava<\/strong> nakon prijema materijala.<\/p>\n<\/li>\n<li class=\"\" data-start=\"1339\" data-end=\"1467\">\n<p class=\"\" data-start=\"1341\" data-end=\"1467\">Eyebrow Institution zadr\u017eava pravo da odbije pristup kursu u specifi\u010dnim slu\u010dajevima (npr. zloupotreba, la\u017eno predstavljanje).<\/p>\n<\/li>\n<\/ul>\n<hr class=\"\" data-start=\"1469\" data-end=\"1472\" \/>\n<h2 class=\"\" data-start=\"1474\" data-end=\"1512\">3. <strong data-start=\"1480\" data-end=\"1512\">Zavr\u0161etak kursa i sertifikat<\/strong><\/h2>\n<ul data-start=\"1514\" data-end=\"1810\">\n<li class=\"\" data-start=\"1514\" data-end=\"1621\">\n<p class=\"\" data-start=\"1516\" data-end=\"1621\">Po zavr\u0161etku kursa, polaznici zakazuju <strong data-start=\"1555\" data-end=\"1598\">online ispit (Zoom ili Microsoft Teams)<\/strong> sa <strong data-start=\"1602\" data-end=\"1618\">Majom Ljaji\u0107<\/strong>.<\/p>\n<\/li>\n<li class=\"\" data-start=\"1622\" data-end=\"1810\">\n<p class=\"\" data-start=\"1624\" data-end=\"1672\">Sertifikat se izdaje samo onim polaznicima koji:<\/p>\n<ul data-start=\"1675\" data-end=\"1810\">\n<li class=\"\" data-start=\"1675\" data-end=\"1720\">\n<p class=\"\" data-start=\"1677\" data-end=\"1720\">Zavr\u0161ili ceo kurs i pregledali materijale<\/p>\n<\/li>\n<li class=\"\" data-start=\"1723\" data-end=\"1755\">\n<p class=\"\" data-start=\"1725\" data-end=\"1755\">Uspe\u0161no polo\u017ee finalni ispit<\/p>\n<\/li>\n<li class=\"\" data-start=\"1758\" data-end=\"1810\">\n<p class=\"\" data-start=\"1760\" data-end=\"1810\">Poka\u017eu razumevanje tehnika i profesionalan pristup<\/p>\n<\/li>\n<\/ul>\n<\/li>\n<\/ul>\n<hr class=\"\" data-start=\"1812\" data-end=\"1815\" \/>\n<h2 class=\"\" data-start=\"1817\" data-end=\"1841\">4. <strong data-start=\"1823\" data-end=\"1841\">Autorska prava<\/strong><\/h2>\n<p class=\"\" data-start=\"1843\" data-end=\"2113\">Svi materijali kurseva, uklju\u010duju\u0107i PDF dokumente, video snimke, fotografije, logotipe i tekstove, predstavljaju <strong data-start=\"1956\" data-end=\"2015\">intelektualnu svojinu Eyebrow Institution i Maje Ljaji\u0107<\/strong>.<br data-start=\"2016\" data-end=\"2019\" \/>Zabranjeno je <strong data-start=\"2033\" data-end=\"2082\">kopiranje, distribucija, prodaja ili deljenje<\/strong> materijala bez pisane dozvole.<\/p>\n<p class=\"\" data-start=\"2115\" data-end=\"2191\">Kr\u0161enje ovog uslova mo\u017ee dovesti do pravnih mera i poni\u0161tavanja sertifikata.<\/p>\n<hr class=\"\" data-start=\"2193\" data-end=\"2196\" \/>\n<h2 class=\"\" data-start=\"2198\" data-end=\"2230\">5. <strong data-start=\"2204\" data-end=\"2230\">Odgovornosti korisnika<\/strong><\/h2>\n<p class=\"\" data-start=\"2232\" data-end=\"2273\">Kupovinom kursa korisnik se obavezuje da:<\/p>\n<ul data-start=\"2274\" data-end=\"2495\">\n<li class=\"\" data-start=\"2274\" data-end=\"2308\">\n<p class=\"\" data-start=\"2276\" data-end=\"2308\">Pru\u017ei ta\u010dne i istinite podatke<\/p>\n<\/li>\n<li class=\"\" data-start=\"2309\" data-end=\"2352\">\n<p class=\"\" data-start=\"2311\" data-end=\"2352\">Ne zloupotrebljava pristup materijalima<\/p>\n<\/li>\n<li class=\"\" data-start=\"2353\" data-end=\"2386\">\n<p class=\"\" data-start=\"2355\" data-end=\"2386\">Ne deli sadr\u017eaj tre\u0107im licima<\/p>\n<\/li>\n<li class=\"\" data-start=\"2387\" data-end=\"2435\">\n<p class=\"\" data-start=\"2389\" data-end=\"2435\">Po\u0161tuje edukatora i saradnike u komunikaciji<\/p>\n<\/li>\n<li class=\"\" data-start=\"2436\" data-end=\"2495\">\n<p class=\"\" data-start=\"2438\" data-end=\"2495\">Znanje koristi isklju\u010divo u profesionalne i legalne svrhe<\/p>\n<\/li>\n<\/ul>\n<hr class=\"\" data-start=\"2497\" data-end=\"2500\" \/>\n<h2 class=\"\" data-start=\"2502\" data-end=\"2537\">6. <strong data-start=\"2508\" data-end=\"2537\">Odricanje od odgovornosti<\/strong><\/h2>\n<p class=\"\" data-start=\"2539\" data-end=\"2585\">Eyebrow Institution ne mo\u017ee biti odgovoran za:<\/p>\n<ul data-start=\"2586\" data-end=\"2770\">\n<li class=\"\" data-start=\"2586\" data-end=\"2637\">\n<p class=\"\" data-start=\"2588\" data-end=\"2637\">Lo\u0161u primenu nau\u010denih tehnika u stvarnoj praksi<\/p>\n<\/li>\n<li class=\"\" data-start=\"2638\" data-end=\"2708\">\n<p class=\"\" data-start=\"2640\" data-end=\"2708\">Tehni\u010dke probleme na platformama tre\u0107ih strana (Zoom, PayPal itd.)<\/p>\n<\/li>\n<li class=\"\" data-start=\"2709\" data-end=\"2770\">\n<p class=\"\" data-start=\"2711\" data-end=\"2770\">Privremene prekide u pristupu kursu zbog tehni\u010dkih problema<\/p>\n<\/li>\n<\/ul>\n<p class=\"\" data-start=\"2772\" data-end=\"2838\">Va\u0161 profesionalni razvoj zavisi od va\u0161eg li\u010dnog anga\u017emana i ve\u017ebe.<\/p>\n<hr class=\"\" data-start=\"2840\" data-end=\"2843\" \/>\n<h2 class=\"\" data-start=\"2845\" data-end=\"2879\">7. <strong data-start=\"2851\" data-end=\"2879\">Izmene i ukidanje usluga<\/strong><\/h2>\n<p class=\"\" data-start=\"2881\" data-end=\"2919\">Eyebrow Institution zadr\u017eava pravo da:<\/p>\n<ul data-start=\"2920\" data-end=\"3065\">\n<li class=\"\" data-start=\"2920\" data-end=\"2962\">\n<p class=\"\" data-start=\"2922\" data-end=\"2962\">U svakom trenutku izmeni sadr\u017eaj kursa<\/p>\n<\/li>\n<li class=\"\" data-start=\"2963\" data-end=\"3013\">\n<p class=\"\" data-start=\"2965\" data-end=\"3013\">Promeni cene i uslove uz prethodno obave\u0161tenje<\/p>\n<\/li>\n<li class=\"\" data-start=\"3014\" data-end=\"3065\">\n<p class=\"\" data-start=\"3016\" data-end=\"3065\">Ukine pristup korisniku u slu\u010daju kr\u0161enja pravila<\/p>\n<\/li>\n<\/ul>\n<hr class=\"\" data-start=\"3067\" data-end=\"3070\" \/>\n<h2 class=\"\" data-start=\"3072\" data-end=\"3102\">8. <strong data-start=\"3078\" data-end=\"3102\">Politika privatnosti<\/strong><\/h2>\n<p class=\"\" data-start=\"3104\" data-end=\"3256\">Kori\u0161\u0107enjem ovog sajta potvr\u0111ujete da ste pro\u010ditali i prihvatili na\u0161u <a class=\"\" href=\"#\" rel=\"noopener\" data-start=\"3174\" data-end=\"3199\">Politiku privatnosti<\/a>, u kojoj se obja\u0161njava kako postupamo sa va\u0161im podacima.<\/p>\n<hr class=\"\" data-start=\"3258\" data-end=\"3261\" \/>\n<h2 class=\"\" data-start=\"3263\" data-end=\"3288\">9. <strong data-start=\"3269\" data-end=\"3288\">Merodavno pravo<\/strong><\/h2>\n<p class=\"\" data-start=\"3290\" data-end=\"3432\">Ovi uslovi ure\u0111uju se u skladu sa zakonima <strong data-start=\"3333\" data-end=\"3353\">Republike Srbije<\/strong>. Svi eventualni sporovi re\u0161ava\u0107e se pred nadle\u017enim sudom u [Unesite grad\/sud].<\/p>\n<hr class=\"\" data-start=\"3434\" data-end=\"3437\" \/>\n<h2 class=\"\" data-start=\"3439\" data-end=\"3457\">10. <strong data-start=\"3446\" data-end=\"3457\">Kontakt<\/strong><\/h2>\n<p class=\"\" data-start=\"3459\" data-end=\"3522\">Za pitanja, pritu\u017ebe ili dodatne informacije kontaktirajte nas:<\/p>\n<p class=\"\" data-start=\"3524\" data-end=\"3629\"><strong data-start=\"3524\" data-end=\"3561\">Eyebrow Institution \u2013 Maja Ljaji\u0107<\/strong><\/p>\n<p data-start=\"3524\" data-end=\"3629\">Email: <a href=\"mailto:office@eyebrow-institution.com\">office@eyebrow-institution.com<\/a><br data-start=\"3712\" data-end=\"3715\" \/>Website: <a href=\"https:\/\/eyebrow-institution.com\/sr\/\">eyebrow-institution.com<\/a><\/p>\n\t\t\t\t\t\t\t\t<\/div>\n\t\t\t\t<\/div>\n\t\t\t\t\t<\/div>\n\t\t<\/div>\n\t\t\t\t\t<\/div>\n\t\t<\/section>\n\t\t\t\t<\/div>","protected":false},"excerpt":{"rendered":"<p>Terms &amp; Conditions Eyebrow Institution \u2013 Maja Ljaji\u0107 Welcome to the official website of Eyebrow Institution, owned and operated by Maja Ljaji\u0107, international PMU artist and educator. By accessing, browsing, or purchasing from our website, you agree to be bound by the following Terms and Conditions. Please read them carefully before using our services. 1. [&hellip;]<\/p>","protected":false},"author":1,"featured_media":0,"parent":0,"menu_order":0,"comment_status":"closed","ping_status":"open","template":"","meta":{"footnotes":""},"class_list":["post-2162","page","type-page","status-publish","hentry"],"_links":{"self":[{"href":"https:\/\/eyebrow-institution.com\/sr\/wp-json\/wp\/v2\/pages\/2162","targetHints":{"allow":["GET"]}}],"collection":[{"href":"https:\/\/eyebrow-institution.com\/sr\/wp-json\/wp\/v2\/pages"}],"about":[{"href":"https:\/\/eyebrow-institution.com\/sr\/wp-json\/wp\/v2\/types\/page"}],"author":[{"embeddable":true,"href":"https:\/\/eyebrow-institution.com\/sr\/wp-json\/wp\/v2\/users\/1"}],"replies":[{"embeddable":true,"href":"https:\/\/eyebrow-institution.com\/sr\/wp-json\/wp\/v2\/comments?post=2162"}],"version-history":[{"count":10,"href":"https:\/\/eyebrow-institution.com\/sr\/wp-json\/wp\/v2\/pages\/2162\/revisions"}],"predecessor-version":[{"id":2261,"href":"https:\/\/eyebrow-institution.com\/sr\/wp-json\/wp\/v2\/pages\/2162\/revisions\/2261"}],"wp:attachment":[{"href":"https:\/\/eyebrow-institution.com\/sr\/wp-json\/wp\/v2\/media?parent=2162"}],"curies":[{"name":"wp","href":"https:\/\/api.w.org\/{rel}","templated":true}]}}